{"id":11,"date":"2018-02-25T23:09:28","date_gmt":"2018-02-25T22:09:28","guid":{"rendered":"http:\/\/sixtus81.de\/?page_id=11"},"modified":"2018-02-25T23:09:28","modified_gmt":"2018-02-25T22:09:28","slug":"user-online","status":"publish","type":"page","link":"https:\/\/www.sixtus81.de\/index.php\/user-online\/","title":{"rendered":"User online"},"content":{"rendered":"<p>[page_useronline]<\/p>\n","protected":false},"excerpt":{"rendered":"<p>[page_useronline]<\/p>\n<p> <a class=\"continue-reading-link\" href=\"https:\/\/www.sixtus81.de\/index.php\/user-online\/\"><span>Weiterlesen&#8230;<\/span><i class=\"crycon-right-dir\"><\/i><\/a> <\/p>\n","protected":false},"author":1,"featured_media":0,"parent":0,"menu_order":0,"comment_status":"closed","ping_status":"closed","template":"","meta":{"footnotes":""},"class_list":["post-11","page","type-page","status-publish","hentry"],"jetpack_sharing_enabled":true,"jetpack_shortlink":"https:\/\/wp.me\/P5M6eh-b","jetpack_likes_enabled":true,"jetpack-related-posts":[{"id":21,"url":"https:\/\/www.sixtus81.de\/index.php\/impressum\/","url_meta":{"origin":11,"position":0},"title":"Impressum","author":"Sixtus81","date":"20. Mai 2018","format":false,"excerpt":"Angaben gem\u00e4\u00df \u00a7 5 TMG: Christian M\u00fcller Fliederstra\u00dfe, 18 95676 Wiesau Kontakt: Telefon: +49 (0)171 141 76 65 Telefax: +49 (0) 9634 91 42 54 EMail: info@sixtus81.de Haftung f\u00fcr Inhalte Als Diensteanbieter sind wir gem\u00e4\u00df \u00a7 7 Abs.1 TMG f\u00fcr eigene Inhalte auf diesen Seiten nach den allgemeinen Gesetzen verantwortlich.\u2026","rel":"","context":"\u00c4hnlicher Beitrag","block_context":{"text":"\u00c4hnlicher Beitrag","link":""},"img":{"alt_text":"","src":"","width":0,"height":0},"classes":[]}],"_links":{"self":[{"href":"https:\/\/www.sixtus81.de\/index.php\/wp-json\/wp\/v2\/pages\/11","targetHints":{"allow":["GET"]}}],"collection":[{"href":"https:\/\/www.sixtus81.de\/index.php\/wp-json\/wp\/v2\/pages"}],"about":[{"href":"https:\/\/www.sixtus81.de\/index.php\/wp-json\/wp\/v2\/types\/page"}],"author":[{"embeddable":true,"href":"https:\/\/www.sixtus81.de\/index.php\/wp-json\/wp\/v2\/users\/1"}],"replies":[{"embeddable":true,"href":"https:\/\/www.sixtus81.de\/index.php\/wp-json\/wp\/v2\/comments?post=11"}],"version-history":[{"count":2,"href":"https:\/\/www.sixtus81.de\/index.php\/wp-json\/wp\/v2\/pages\/11\/revisions"}],"predecessor-version":[{"id":13,"href":"https:\/\/www.sixtus81.de\/index.php\/wp-json\/wp\/v2\/pages\/11\/revisions\/13"}],"wp:attachment":[{"href":"https:\/\/www.sixtus81.de\/index.php\/wp-json\/wp\/v2\/media?parent=11"}],"curies":[{"name":"wp","href":"https:\/\/api.w.org\/{rel}","templated":true}]}}